{"id":83,"date":"2015-09-30T10:41:55","date_gmt":"2015-09-30T10:41:55","guid":{"rendered":"http:\/\/fuse.europadns.net\/?page_id=83"},"modified":"2019-11-21T09:48:16","modified_gmt":"2019-11-21T09:48:16","slug":"news","status":"publish","type":"page","link":"https:\/\/drtplastic.com\/en\/news\/","title":{"rendered":"News"},"content":{"rendered":"<p>[vc_row css=&#8221;.vc_custom_1473425071958{margin-top: 40px !important;}&#8221;][vc_column][vc_empty_space height=&#8221;80px&#8221;]<div><div class='span4'><div class='post format-standard'><div class='post-thumbnail'><img src='https:\/\/drtplastic.com\/wp-content\/uploads\/2021\/08\/DRT-Rapid-estatuto-inovadora-cotec-2021-360x215.jpg' alt=''><\/div><div class='post-header'><h4 class='post-title'>\r\n\t<a rel='bookmark' href='https:\/\/drtplastic.com\/en\/estatuto-inovadora-cotec-2021\/'>Estatuto Inovadora COTEC 2021<\/a><\/h4><span class='posted-on'>August 13, 2021<\/span>\r\n\t<\/div><div class='post-content'><p>A DRT Rapid-Prot\u00f3tipos e moldes,Lda foi distinguida pelos seus padr\u00f5es de solidez financeira, compet\u00eancias de inova\u00e7\u00e3o e desempenho econ\u00f3mico.<\/p>\n<p><a class='more-link btn btn-grey' href='https:\/\/drtplastic.com\/en\/estatuto-inovadora-cotec-2021\/'>Read the article<\/a><\/p><\/div><div class='post-footer'><\/div><\/div><\/div><div class='span4'><div class='post format-standard'><div class='post-header'><h4 class='post-title'>\r\n\t<a rel='bookmark' href='https:\/\/drtplastic.com\/en\/noticia-drt-pme-lider-2020-2\/'>DRT Rapid e Vidrimolde juntam-se no projeto DDM4Glass na procura de solu\u00e7\u00f5es inovadoras para a ind\u00fastria vidreira<\/a><\/h4><span class='posted-on'>November 30, 2020<\/span>\r\n\t<\/div><div class='post-content'><p>Num cons\u00f3rcio liderado pela Vidrimolde, composto pela DRT Rapid e Instituto Polit\u00e9cnico de Leiria, foi iniciado o projeto DDM4Glass, que vem responder \u00e0 necessidade e procura por solu\u00e7\u00f5es que permitam produzir ferramentas espec\u00edficas de valor acrescentado, atrav\u00e9s de processos de fabrico direto digital (Direct Digital Manufacturing).<\/p>\n<p><a class='more-link btn btn-grey' href='https:\/\/drtplastic.com\/en\/noticia-drt-pme-lider-2020-2\/'>Read the article<\/a><\/p><\/div><div class='post-footer'><\/div><\/div><\/div><div class='span4'><div class='post format-standard'><div class='post-thumbnail'><img src='https:\/\/drtplastic.com\/wp-content\/uploads\/2020\/09\/DRT-PME-lider-2020-360x215.jpg' alt=''><\/div><div class='post-header'><h4 class='post-title'>\r\n\t<a rel='bookmark' href='https:\/\/drtplastic.com\/en\/noticia-drt-pme-lider-2020\/'>DRT renews its status as 2020 SME Leader.<\/a><\/h4><span class='posted-on'>September 29, 2020<\/span>\r\n\t<\/div><div class='post-content'><p>Renewed statute DRT PME L\u00edder 2020. An IAPMEI distinction, to distinguish and give prominence to companies with the best performance and management indicators.<\/p>\n<p><a class='more-link btn btn-grey' href='https:\/\/drtplastic.com\/en\/noticia-drt-pme-lider-2020\/'>Read the article<\/a><\/p><\/div><div class='post-footer'><\/div><\/div><\/div><div class='span4'><div class='post format-standard'><div class='post-thumbnail'><img src='https:\/\/drtplastic.com\/wp-content\/uploads\/2019\/10\/open-shop-floor-cotec-drt-01-min-360x215.jpg' alt=''><\/div><div class='post-header'><h4 class='post-title'>\r\n\t<a rel='bookmark' href='https:\/\/drtplastic.com\/en\/open-shop-floor-na-drt\/'>Open Shop Floor at DRT<\/a><\/h4><span class='posted-on'>October 24, 2019<\/span>\r\n\t<\/div><div class='post-content'><p>In the past october, 16\u00a0 took place in the DRT installations the Open Shop Floor, an event powered by COTEC Portugal and IAPMEI that integrate the government initiative \u201cIndustry 4.0\u201d. These sessions aim to address the way companies adopt the different concepts of this norm and promote the sharing of experiences among the various entities&#8230;<\/p>\n<p><a class='more-link btn btn-grey' href='https:\/\/drtplastic.com\/en\/open-shop-floor-na-drt\/'>Read the article<\/a><\/p><\/div><div class='post-footer'><\/div><\/div><\/div><div class='span4'><div class='post format-standard'><div class='post-thumbnail'><img src='https:\/\/drtplastic.com\/wp-content\/uploads\/2019\/10\/DRT-Advance-Cotec-SBI-01-min-360x215.jpg' alt=''><\/div><div class='post-header'><h4 class='post-title'>\r\n\t<a rel='bookmark' href='https:\/\/drtplastic.com\/en\/open-shop-floor-drt-rapid\/'>Open Shop Floor | DRT Rapid<\/a><\/h4><span class='posted-on'>October 7, 2019<\/span>\r\n\t<\/div><div class='post-content'><p>The next Open Shop Floor take place at October 16 at DRT Rapid. Registration until October 14th through the form. The audience of the event is limited and registrations are considered in order of arrival. Sign up on: https:\/\/bit.ly\/2OjBYAO &nbsp;<\/p>\n<p><a class='more-link btn btn-grey' href='https:\/\/drtplastic.com\/en\/open-shop-floor-drt-rapid\/'>Read the article<\/a><\/p><\/div><div class='post-footer'><\/div><\/div><\/div><div class='span4'><div class='post format-standard'><div class='post-thumbnail'><img src='https:\/\/drtplastic.com\/wp-content\/uploads\/2019\/10\/DRT-Advance-Sistema-inteligente-apresentacao-SBI-01-min-360x215.jpg' alt=''><\/div><div class='post-header'><h4 class='post-title'>\r\n\t<a rel='bookmark' href='https:\/\/drtplastic.com\/en\/inteligencia-artificial-uma-realidade-para-a-gestao-de-projeto-na-industria-2-2\/'>SBI public presentation<\/a><\/h4><span class='posted-on'>October 1, 2019<\/span>\r\n\t<\/div><div class='post-content'><p>The SBI public presentation was yesterday and it was an opportunity to show all the joint work done between DRT Advance and IPL during the last year, regarding the enhancement of the SBI implementation process and the customer support processes. The event took place on IPL installations in Leiria and several DRT Advance\u2019s partners and&#8230;<\/p>\n<p><a class='more-link btn btn-grey' href='https:\/\/drtplastic.com\/en\/inteligencia-artificial-uma-realidade-para-a-gestao-de-projeto-na-industria-2-2\/'>Read the article<\/a><\/p><\/div><div class='post-footer'><\/div><\/div><\/div><div class='span4'><div class='post format-standard'><div class='post-thumbnail'><img src='https:\/\/drtplastic.com\/wp-content\/uploads\/2019\/09\/DRT-Advance-Sistema-inteligente-producao-SBI-min-360x215.jpg' alt=''><\/div><div class='post-header'><h4 class='post-title'>\r\n\t<a rel='bookmark' href='https:\/\/drtplastic.com\/en\/inteligencia-artificial-uma-realidade-para-a-gestao-de-projeto-na-industria-2\/'>SBI public presentation<\/a><\/h4><span class='posted-on'>September 25, 2019<\/span>\r\n\t<\/div><div class='post-content'><p>Next\u00a0 September 30 will take place a public presentation session about SBI &#8211; System for Business Intelligence. It is a revolutionary management software, that was developed by DRT with the goal to simplified and boost the global management of any business. With the incorporation of A.I. (artificial intelligence), complex heuristics and algorithms of machine Learning,&#8230;<\/p>\n<p><a class='more-link btn btn-grey' href='https:\/\/drtplastic.com\/en\/inteligencia-artificial-uma-realidade-para-a-gestao-de-projeto-na-industria-2\/'>Read the article<\/a><\/p><\/div><div class='post-footer'><\/div><\/div><\/div><div class='span4'><div class='post format-standard'><div class='post-thumbnail'><img src='https:\/\/drtplastic.com\/wp-content\/uploads\/2017\/12\/DSC9111_YK-360x215.jpg' alt=''><\/div><div class='post-header'><h4 class='post-title'>\r\n\t<a rel='bookmark' href='https:\/\/drtplastic.com\/en\/inteligencia-artificial-uma-realidade-para-a-gestao-de-projeto-na-industria\/'>Artificial Intelligence, for project management in the industry<\/a><\/h4><span class='posted-on'>December 19, 2017<\/span>\r\n\t<\/div><div class='post-content'><p>The event that was a great way to launch the SBI (System Business Intelligence), a system developed by DRT Rapid and the Polytechnic Institute of Leiria (IPL) took place on the 6th of December at 09:30 at\u00a0School of Technology and Management (ESTG). Based on the use of Artificial Intelligence, this advanced\u00a0production planning and management\u00a0software for\u00a0the&#8230;<\/p>\n<p><a class='more-link btn btn-grey' href='https:\/\/drtplastic.com\/en\/inteligencia-artificial-uma-realidade-para-a-gestao-de-projeto-na-industria\/'>Read the article<\/a><\/p><\/div><div class='post-footer'><\/div><\/div><\/div><div class='span4'><div class='post format-standard'><div class='post-thumbnail'><img src='https:\/\/drtplastic.com\/wp-content\/uploads\/2017\/11\/EXAME_SBI-360x215.png' alt=''><\/div><div class='post-header'><h4 class='post-title'>\r\n\t<a rel='bookmark' href='https:\/\/drtplastic.com\/en\/sbi\/'>SBI on magazine Exame Inform\u00e1tica<\/a><\/h4><span class='posted-on'>July 7, 2017<\/span>\r\n\t<\/div><div class='post-content'><p>SBI, is news in Exame Inform\u00e1tica magazine.<\/p>\n<p><a class='more-link btn btn-grey' href='https:\/\/drtplastic.com\/en\/sbi\/'>Read the article<\/a><\/p><\/div><div class='post-footer'><\/div><\/div><\/div><div class='span4'><div class='post format-standard'><div class='post-thumbnail'><img src='https:\/\/drtplastic.com\/wp-content\/uploads\/2017\/06\/Stand-1-360x215.jpg' alt=''><\/div><div class='post-header'><h4 class='post-title'>\r\n\t<a rel='bookmark' href='https:\/\/drtplastic.com\/en\/drt-moulding-expo-2017\/'>DRT AT MOULDING EXPO 2017<\/a><\/h4><span class='posted-on'>June 2, 2017<\/span>\r\n\t<\/div><div class='post-content'><p>DRT attended Moulding Expo Exhibition which took place in Stuttgart from the 30th of May\u00a0to the 2nd of June 2017.<\/p>\n<p><a class='more-link btn btn-grey' href='https:\/\/drtplastic.com\/en\/drt-moulding-expo-2017\/'>Read the article<\/a><\/p><\/div><div class='post-footer'><\/div><\/div><\/div><div class='span4'><div class='post format-standard'><div class='post-thumbnail'><img src='https:\/\/drtplastic.com\/wp-content\/uploads\/2017\/04\/PME-360x215.jpg' alt=''><\/div><div class='post-header'><h4 class='post-title'>\r\n\t<a rel='bookmark' href='https:\/\/drtplastic.com\/en\/exame-pme-lider\/'>Magazine &#8220;Exame PME L\u00edder&#8221;<\/a><\/h4><span class='posted-on'>April 10, 2017<\/span>\r\n\t<\/div><div class='post-content'><p>DRT as one of the outstanding companies of the industrial sector in the Magazine \u201cExame PME L\u00edder\u201d. See publication<\/p>\n<p><a class='more-link btn btn-grey' href='https:\/\/drtplastic.com\/en\/exame-pme-lider\/'>Read the article<\/a><\/p><\/div><div class='post-footer'><\/div><\/div><\/div><div class='span4'><div class='post format-standard'><div class='post-thumbnail'><img src='https:\/\/drtplastic.com\/wp-content\/uploads\/2017\/04\/formacaoVW-360x215.jpg' alt=''><\/div><div class='post-header'><h4 class='post-title'>\r\n\t<a rel='bookmark' href='https:\/\/drtplastic.com\/en\/drt-fomenta-o-conhecimento\/'>DRT fosters knowledge<\/a><\/h4><span class='posted-on'>April 3, 2017<\/span>\r\n\t<\/div><div class='post-content'><p>VW AUTOEUROPA represented by its KTM Purchasing Division has once again recognised DRT as the ideal partner to provide a technical training on Injection Tooling Technologies &#8211; Advanced Level.<\/p>\n<p><a class='more-link btn btn-grey' href='https:\/\/drtplastic.com\/en\/drt-fomenta-o-conhecimento\/'>Read the article<\/a><\/p><\/div><div class='post-footer'><\/div><\/div><\/div><div class='span4'><div class='post format-standard'><div class='post-thumbnail'><img src='https:\/\/drtplastic.com\/wp-content\/uploads\/2015\/09\/AIP-360x215.jpg' alt=''><\/div><div class='post-header'><h4 class='post-title'>\r\n\t<a rel='bookmark' href='https:\/\/drtplastic.com\/en\/aip-drt\/'>AIP visits DRT<\/a><\/h4><span class='posted-on'>October 14, 2016<\/span>\r\n\t<\/div><div class='post-content'><p>It was with a great satisfaction that DRT and its General Managers, Valdemar Duarte and S\u00f3nia Calado, received at the company\u2019s facilities the Portuguese Industrial Association (AIP) on October the 13th.<\/p>\n<p><a class='more-link btn btn-grey' href='https:\/\/drtplastic.com\/en\/aip-drt\/'>Read the article<\/a><\/p><\/div><div class='post-footer'><\/div><\/div><\/div><div class='span4'><div class='post format-standard'><div class='post-thumbnail'><img src='https:\/\/drtplastic.com\/wp-content\/uploads\/2015\/09\/certificado-1-360x215.png' alt=''><\/div><div class='post-header'><h4 class='post-title'>\r\n\t<a rel='bookmark' href='https:\/\/drtplastic.com\/en\/pme-2015\/'>DRT RENEWS PME LEADER 2016<\/a><\/h4><span class='posted-on'>August 18, 2016<\/span>\r\n\t<\/div><div class='post-content'><p>DRT obtained the renewal of PME Leader in 2016, awarded under the Program FINCRESCE IAPMEI that distinguishes national companies with superior performance profiles.<\/p>\n<p><a class='more-link btn btn-grey' href='https:\/\/drtplastic.com\/en\/pme-2015\/'>Read the article<\/a><\/p><\/div><div class='post-footer'><\/div><\/div><\/div><div class='span4'><div class='post format-standard'><div class='post-thumbnail'><img src='https:\/\/drtplastic.com\/wp-content\/uploads\/2015\/09\/DRT_01-360x215.jpg' alt=''><\/div><div class='post-header'><h4 class='post-title'>\r\n\t<a rel='bookmark' href='https:\/\/drtplastic.com\/en\/expo-2015\/'>DRT AT MOLDING EXPO 2015<\/a><\/h4><span class='posted-on'>May 10, 2015<\/span>\r\n\t<\/div><div class='post-content'><p>DRT attended Moulding Expo Exhibition which took place in Stuttgart from the 5th to the 8th of May 2015.<\/p>\n<p><a class='more-link btn btn-grey' href='https:\/\/drtplastic.com\/en\/expo-2015\/'>Read the article<\/a><\/p><\/div><div class='post-footer'><\/div><\/div><\/div><\/div>[\/vc_column][\/vc_row]<\/p>\n","protected":false},"excerpt":{"rendered":"<p>[vc_row css=&#8221;.vc_custom_1473425071958{margin-top: 40px !important;}&#8221;][vc_column][vc_empty_space height=&#8221;80px&#8221;][\/vc_column][\/vc_row]<\/p>\n","protected":false},"author":1,"featured_media":0,"parent":0,"menu_order":0,"comment_status":"closed","ping_status":"closed","template":"","meta":{"_mi_skip_tracking":false,"footnotes":""},"class_list":["post-83","page","type-page","status-publish","hentry"],"_links":{"self":[{"href":"https:\/\/drtplastic.com\/en\/wp-json\/wp\/v2\/pages\/83","targetHints":{"allow":["GET"]}}],"collection":[{"href":"https:\/\/drtplastic.com\/en\/wp-json\/wp\/v2\/pages"}],"about":[{"href":"https:\/\/drtplastic.com\/en\/wp-json\/wp\/v2\/types\/page"}],"author":[{"embeddable":true,"href":"https:\/\/drtplastic.com\/en\/wp-json\/wp\/v2\/users\/1"}],"replies":[{"embeddable":true,"href":"https:\/\/drtplastic.com\/en\/wp-json\/wp\/v2\/comments?post=83"}],"version-history":[{"count":14,"href":"https:\/\/drtplastic.com\/en\/wp-json\/wp\/v2\/pages\/83\/revisions"}],"predecessor-version":[{"id":10772,"href":"https:\/\/drtplastic.com\/en\/wp-json\/wp\/v2\/pages\/83\/revisions\/10772"}],"wp:attachment":[{"href":"https:\/\/drtplastic.com\/en\/wp-json\/wp\/v2\/media?parent=83"}],"curies":[{"name":"wp","href":"https:\/\/api.w.org\/{rel}","templated":true}]}}