{"id":1295,"date":"2017-11-03T15:11:21","date_gmt":"2017-11-03T15:11:21","guid":{"rendered":"http:\/\/drtrapid.com\/?page_id=1295"},"modified":"2022-03-02T11:48:02","modified_gmt":"2022-03-02T11:48:02","slug":"projects","status":"publish","type":"page","link":"https:\/\/drtplastic.com\/en\/projects\/","title":{"rendered":"Projects"},"content":{"rendered":"<p>[vc_row][vc_column][vc_empty_space height=&#8221;120px&#8221;]<div class='headline'><h2>PROJETOS Co-Financiados<\/h2><h5>\u2014 by EU \u2014<\/h5><\/div>[\/vc_column][\/vc_row][vc_row][vc_column][vc_tta_accordion style=&#8221;flat&#8221; shape=&#8221;square&#8221; active_section=&#8221;&#8221; no_fill=&#8221;true&#8221; collapsible_all=&#8221;true&#8221;][vc_tta_section title=&#8221;024150 &#8211; INOVA\u00c7\u00c3O PRODUTIVA&#8221; tab_id=&#8221;1513781716352-41115249-481f&#8221;][vc_single_image image=&#8221;1311&#8243; img_size=&#8221;full&#8221;][vc_column_text el_class=&#8221;just-text&#8221;]<\/p>\n<ul class=\"bullet-disc\">\n<li><strong>Designa\u00e7\u00e3o do projeto |INOVA\u00c7\u00c3O PRODUTIVA<\/strong>\u00a0&#8211; Cria\u00e7\u00e3o de um novo estabelecimento para a produ\u00e7\u00e3o de equipamento de an\u00e1lise e valida\u00e7\u00e3o de canais de refrigera\u00e7\u00e3o e produtos pl\u00e1sticos diferenciados e capitaliza\u00e7\u00e3o de resultados de I&amp;D<\/li>\n<li><strong>C\u00f3digo do projeto |<\/strong>\u00a0POCI-02-0853-FEDER-024150<\/li>\n<li><strong>Objetivo principal |<\/strong>\u00a0Refor\u00e7ar a competitividade das pequenas e m\u00e9dias empresas<\/li>\n<li><strong>Regi\u00e3o de Interven\u00e7\u00e3o\u00a0<\/strong>Centro &#8211; Leiria<\/li>\n<li><strong>Entidade benefici\u00e1ria |<\/strong> DRT PLASTIC INJECTION, LDA<\/li>\n<\/ul>\n<p>&nbsp;<\/p>\n<ul class=\"bullet-disc\">\n<li><strong>Data de aprova\u00e7\u00e3o |<\/strong>\u00a02017-03-08<\/li>\n<li><strong>Data de in\u00edcio |<\/strong>\u00a02017-06-10<\/li>\n<li><strong>Data de conclus\u00e3o |<\/strong>\u00a02020-06-09<\/li>\n<li><strong>Custo total eleg\u00edvel |<\/strong>\u00a04.733.190,00\u20ac<\/li>\n<li><strong>Apoio total FEDER |<\/strong>\u00a02.839.914,00\u20ac<\/li>\n<\/ul>\n<p>&nbsp;<\/p>\n<p><strong>Descri\u00e7\u00e3o:<\/strong><\/p>\n<p>A DRT Plastic Injection, Lda., \u00e9 uma empresa recente, constitu\u00edda em setembro de 2016, que faz parte do grupo DRT. O grupo de empresas DRT, agrega compet\u00eancias em diferentes \u00e1reas relacionadas com a produ\u00e7\u00e3o de moldes para pl\u00e1sticos, principalmente para a ind\u00fastria autom\u00f3vel.<\/p>\n<p>Atualmente a DRT Plastic trabalha em conjunto com uma das empresas do grupo, a DRT Moldes, passando a DRT Moldes a ser um fornecedor Tier 1 e a DRT Pl\u00e1stico a fornecer diretamente as OEM da ind\u00fastria autom\u00f3vel.<\/p>\n<p>Assim a DRT Plastic dedica-se \u00e0 produ\u00e7\u00e3o de equipamento de an\u00e1lise e valida\u00e7\u00e3o de canais de refrigera\u00e7\u00e3o e de pe\u00e7as pl\u00e1sticas injetadas, tendo-se candidato \u00e0 tipologia \u00abCria\u00e7\u00e3o de um novo estabelecimento\u00bb.<\/p>\n<p>Sendo a DRT Plastic uma empresa nova, \u00e9 essencial para os seus objetivos estrat\u00e9gicos ter um estabelecimento industrial que permita a produ\u00e7\u00e3o de equipamento de an\u00e1lise e valida\u00e7\u00e3o de canais de refrigera\u00e7\u00e3o (resultante do projeto de IDI) e de pe\u00e7as pl\u00e1sticas injetadas de elevado valor acrescentado, por exemplo multimat\u00e9ria, transparentes e componentes com diferentes tipos de acabamento superficial sem necessidade de pintura posterior e produtos pr\u00f3prios, designadamente o DAT, revestimento isolante t\u00e9rmico e ac\u00fastico para o segmento do it yourself.<\/p>\n<p>Neste sentido, tem vindo a realizar um conjunto de investimentos necess\u00e1rios para a empresa dar inicio \u00e0 labora\u00e7\u00e3o, destacando-se os equipamentos de molda\u00e7\u00e3o por inje\u00e7\u00e3o, sistema de refrigera\u00e7\u00e3o, sistema de estufa e desumifica\u00e7\u00e3o, bem como a aquisi\u00e7\u00e3o e hardware e software (ERP) e o desenvolvimento de um website.[\/vc_column_text][vc_column_text]<\/p>\n<div id='gallery-2' class='gallery galleryid-1295 gallery-columns-2 gallery-size-large'><figure class='gallery-item'>\n\t\t\t<div class='gallery-icon landscape'>\n\t\t\t\t<img loading=\"lazy\" decoding=\"async\" width=\"1024\" height=\"768\" src=\"https:\/\/drtplastic.com\/wp-content\/uploads\/2022\/01\/DRT_QUERETARO-1024x768.jpg\" class=\"attachment-large size-large\" alt=\"\" srcset=\"https:\/\/drtplastic.com\/wp-content\/uploads\/2022\/01\/DRT_QUERETARO-1024x768.jpg 1024w, https:\/\/drtplastic.com\/wp-content\/uploads\/2022\/01\/DRT_QUERETARO-300x225.jpg 300w, https:\/\/drtplastic.com\/wp-content\/uploads\/2022\/01\/DRT_QUERETARO-768x576.jpg 768w, https:\/\/drtplastic.com\/wp-content\/uploads\/2022\/01\/DRT_QUERETARO-1536x1152.jpg 1536w, https:\/\/drtplastic.com\/wp-content\/uploads\/2022\/01\/DRT_QUERETARO-1140x855.jpg 1140w, https:\/\/drtplastic.com\/wp-content\/uploads\/2022\/01\/DRT_QUERETARO-480x360.jpg 480w, https:\/\/drtplastic.com\/wp-content\/uploads\/2022\/01\/DRT_QUERETARO-960x720.jpg 960w, https:\/\/drtplastic.com\/wp-content\/uploads\/2022\/01\/DRT_QUERETARO.jpg 2016w\" sizes=\"auto, (max-width: 1024px) 100vw, 1024px\" \/>\n\t\t\t<\/div><\/figure><figure class='gallery-item'>\n\t\t\t<div class='gallery-icon landscape'>\n\t\t\t\t<img loading=\"lazy\" decoding=\"async\" width=\"1024\" height=\"768\" src=\"https:\/\/drtplastic.com\/wp-content\/uploads\/2022\/01\/FOTO_Mouldingexpo2017_2-1024x768.jpg\" class=\"attachment-large size-large\" alt=\"\" srcset=\"https:\/\/drtplastic.com\/wp-content\/uploads\/2022\/01\/FOTO_Mouldingexpo2017_2-1024x768.jpg 1024w, https:\/\/drtplastic.com\/wp-content\/uploads\/2022\/01\/FOTO_Mouldingexpo2017_2-300x225.jpg 300w, https:\/\/drtplastic.com\/wp-content\/uploads\/2022\/01\/FOTO_Mouldingexpo2017_2-768x576.jpg 768w, https:\/\/drtplastic.com\/wp-content\/uploads\/2022\/01\/FOTO_Mouldingexpo2017_2-1536x1152.jpg 1536w, https:\/\/drtplastic.com\/wp-content\/uploads\/2022\/01\/FOTO_Mouldingexpo2017_2-1140x855.jpg 1140w, https:\/\/drtplastic.com\/wp-content\/uploads\/2022\/01\/FOTO_Mouldingexpo2017_2-480x360.jpg 480w, https:\/\/drtplastic.com\/wp-content\/uploads\/2022\/01\/FOTO_Mouldingexpo2017_2-960x720.jpg 960w, https:\/\/drtplastic.com\/wp-content\/uploads\/2022\/01\/FOTO_Mouldingexpo2017_2.jpg 1920w\" sizes=\"auto, (max-width: 1024px) 100vw, 1024px\" \/>\n\t\t\t<\/div><\/figure>\n\t\t<\/div>\n\n<p>[\/vc_column_text][\/vc_tta_section][vc_tta_section title=&#8221;041119 &#8211; Qualifica\u00e7\u00e3o PME&#8221; tab_id=&#8221;1513782114931-5463dbb2-aebc&#8221;][vc_single_image image=&#8221;1346&#8243; img_size=&#8221;full&#8221;][vc_column_text el_class=&#8221;just-text&#8221;]<\/p>\n<ul class=\"bullet-disc\">\n<li><strong>Designa\u00e7\u00e3o do projeto | Qualifica\u00e7\u00e3o PME<\/strong>\u00a0&#8211; Implementa\u00e7\u00e3o de capacidades avan\u00e7adas para o desenvolvimento e engenharia de novos produtos<\/li>\n<li><strong>C\u00f3digo do projeto |<\/strong>\u00a0CENTRO-02-0853-FEDER-041119<\/li>\n<li><strong>Objetivo principal |<\/strong>\u00a0Refor\u00e7ar a competitividade das pequenas e m\u00e9dias empresas<\/li>\n<li><strong>Regi\u00e3o de Interven\u00e7\u00e3o\u00a0<\/strong>Centro &#8211; Leiria<\/li>\n<li><strong>Entidade benefici\u00e1ria |<\/strong> DRT PLASTIC INJECTION, LDA<\/li>\n<\/ul>\n<p>&nbsp;<\/p>\n<ul class=\"bullet-disc\">\n<li><strong>Data de aprova\u00e7\u00e3o |<\/strong>\u00a02019-01-29<\/li>\n<li><strong>Data de in\u00edcio |<\/strong>\u00a02019-09-10<\/li>\n<li><strong>Data de conclus\u00e3o |<\/strong>\u00a02021-09-19<\/li>\n<li><strong>Custo total eleg\u00edvel |<\/strong> 1.210.712,00\u20ac<\/li>\n<li><strong>Apoio total FEDER |<\/strong>\u00a0500.000,00\u20ac<\/li>\n<\/ul>\n<p>&nbsp;<\/p>\n<p><strong>Descri\u00e7\u00e3o:<\/strong><\/p>\n<p>A DRT PLASTIC INJECTION, LDA, foi fundada em 2016, e tem como objeto a fabrica\u00e7\u00e3o de m\u00e1quinas para setor de moldes e pl\u00e1sticos, pe\u00e7as por inje\u00e7\u00e3o de pl\u00e1sticos, fabrica\u00e7\u00e3o de pe\u00e7as em pl\u00e1stico, presta\u00e7\u00e3o de servi\u00e7os, com\u00e9rcio por grosso.<\/p>\n<p>O grupo de empresas DRT, com compet\u00eancias em diferentes \u00e1reas relacionadas com a produ\u00e7\u00e3o de moldes para pl\u00e1sticos, tem uma vis\u00e3o correta do setor dos moldes e inje\u00e7\u00e3o, principalmente para a ind\u00fastria autom\u00f3vel.<\/p>\n<p>O projeto prev\u00ea a aquisi\u00e7\u00e3o de equipamentos de IDI\/laborat\u00f3rio diversos, assim como a contrata\u00e7\u00e3o de um novo RH altamente qualificado na \u00e1rea da Engenharia, Conce\u00e7\u00e3o e Projeto- T\u00e9cnico de Gest\u00e3o de IDI e comunica\u00e7\u00e3o, com vista \u00e0 melhoria das capacidades de desenvolvimento de produto. Ao n\u00edvel organizacional e gest\u00e3o, o projeto contempla a implementa\u00e7\u00e3o de processos de gest\u00e3o alinhados com pr\u00e1ticas previstas nas normas a implementar. Inclui ainda a contrata\u00e7\u00e3o de um T\u00e9cnico de Gest\u00e3o da qualidade e de diversos equipamentos inform\u00e1ticos e de rede.<\/p>\n<p>&nbsp;<\/p>\n<p>O principal objetivo da DRT Plastic \u00e9 afirmar-se no mercado nacional e internacional como um player de elevada capacidade de IDI, destacando-se na conce\u00e7\u00e3o de equipamentos inovadores de an\u00e1lise e valida\u00e7\u00e3o de canais de refrigera\u00e7\u00e3o de moldes e na produ\u00e7\u00e3o de componentes pl\u00e1sticos de elevado valor acrescentado, principalmente os que integram elevados desafios tecnol\u00f3gicos, como por exemplo componentes transparentes e com diferentes tipos de acabamento superficial.<\/p>\n<p>Est\u00e1 prevista a implementa\u00e7\u00e3o e certifica\u00e7\u00e3o do Sistema Integrado de Gest\u00e3o &#8211; ISO 9001:2015, 14001:2015 e ISO\/IATF 16949: 2016. Ao n\u00edvel da cria\u00e7\u00e3o de marcas e design, o alinhamento com esta tipologia ser\u00e1 concretizado atrav\u00e9s do registo da marca DRT Plastic.<\/p>\n<p>&nbsp;<\/p>\n<p>Os objetivos estrat\u00e9gicos s\u00e3o:<\/p>\n<ul>\n<li>Produzir e comercializar equipamento inovador de an\u00e1lise e valida\u00e7\u00e3o de canais de refrigera\u00e7\u00e3o para produtores e utilizadores de moldes.<\/li>\n<li>Conjuntamente com a DRT Moldes ser um fornecedor Tier 1 certificado (DRT Moldes em engenharia e DRT Plastic em produ\u00e7\u00e3o).<\/li>\n<li>Produzir pequenas s\u00e9ries de componentes pl\u00e1sticos exclusivos de elevada qualidade, complexidade e valor acrescentado para marcas de gama alta (ex. Lamborguini, Porche, etc) e grandes s\u00e9ries de componentes pl\u00e1sticos complexos com qualidade para a grande distribui\u00e7\u00e3o (ex. VW).<\/li>\n<li>Apresentar ao mercado produtos pr\u00f3prios em mercados diversificados, por exemplo revestimentos para segmento do it yourself (DAT).<\/li>\n<li>Obter a satisfa\u00e7\u00e3o e fideliza\u00e7\u00e3o dos clientes, por via da identifica\u00e7\u00e3o criteriosa e detalhada das necessidades de cada cliente e as especificidades de cada projeto.<\/li>\n<\/ul>\n<p>[\/vc_column_text][\/vc_tta_section][vc_tta_section title=&#8221;049263 &#8211; DigitalTouchAuto&#8221; tab_id=&#8221;1513067695632-4abc6538-7595&#8243;][vc_single_image image=&#8221;1311&#8243; img_size=&#8221;full&#8221;][vc_column_text el_class=&#8221;just-text&#8221;]<\/p>\n<ul class=\"bullet-disc\">\n<li><strong>Designa\u00e7\u00e3o do projeto |<\/strong>\u00a0DigitalTouchAuto &#8211; Desenvolvimento de solu\u00e7\u00f5es avan\u00e7adas e interativas para pain\u00e9is interiores do autom\u00f3vel<\/li>\n<li><strong>C\u00f3digo do projeto |<\/strong>\u00a0POCI-01-0247-FEDER-049263<\/li>\n<li><strong>Apoio |<\/strong>\u00a0PROJETOS DE I&amp;DT EMPRESAS EM COPROMO\u00c7\u00c3O: INICIATIVA CLUBE DE FORNECEDORES | Aviso 03\/SI\/2020<\/li>\n<li><strong>Promotor L\u00edder\u00a0<\/strong>DRT RAPID \u2013 Prot\u00f3tipos e Moldes, Lda<\/li>\n<li><strong>Copromotor |<\/strong>\u00a0DRT PLASTIC INJECTION, LDA<\/li>\n<li><strong>Copromotor |<\/strong>\u00a0Universidade de Coimbra<\/li>\n<li><strong>Copromotor |<\/strong>\u00a0Universidade de Tr\u00e1s-os-Montes e Alto Douro<\/li>\n<li><strong>Objetivo |<\/strong>\u00a0OT 1 &#8211; Refor\u00e7ar a investiga\u00e7\u00e3o, o desenvolvimento tecnol\u00f3gico e a inova\u00e7\u00e3o<\/li>\n<li><strong>Localiza\u00e7\u00e3o do Projeto |<\/strong> NUTS II \u2013 CENTRO<\/li>\n<\/ul>\n<p>&nbsp;<\/p>\n<ul class=\"bullet-disc\">\n<li><strong>Data de aprova\u00e7\u00e3o |<\/strong>\u00a02020-11-17<\/li>\n<li><strong>Data de in\u00edcio |<\/strong>\u00a02020-11-23<\/li>\n<li><strong>Data de fim |<\/strong>\u00a02023-05-22<\/li>\n<li><strong>Investimento Total |<\/strong>\u00a03.153.223,55\u20ac<\/li>\n<li><strong>Investimento Eleg\u00edvel Total |<\/strong> 2.832.012,85\u20ac<\/li>\n<li><strong>Apoio Financeiro Total (Incentivo N\u00e3o Reembols\u00e1vel) |<\/strong>\u00a01.699.604,41\u20ac<\/li>\n<\/ul>\n<p>&nbsp;<\/p>\n<p><strong>S\u00edntese do projeto:<\/strong><\/p>\n<p>As altera\u00e7\u00f5es a que a ind\u00fastria autom\u00f3vel assiste v\u00e3o muito para al\u00e9m da procura de solu\u00e7\u00f5es de incremento da sustentabilidade (altera\u00e7\u00f5es de combust\u00edveis e diminui\u00e7\u00e3o de peso) e da condu\u00e7\u00e3o aut\u00f3noma, passam tamb\u00e9m pela personaliza\u00e7\u00e3o e melhoria das formas de intera\u00e7\u00e3o com o utilizador no interior do autom\u00f3vel.<\/p>\n<p>DigitalTouchAuto pretende introduzir um novo paradigma a este n\u00edvel, promovendo uma perfeita \u201cfus\u00e3o\u201d do interior do autom\u00f3vel com os pain\u00e9is de controlo, por via da investiga\u00e7\u00e3o e desenvolvimento de um painel para o habit\u00e1culo do autom\u00f3vel, constitu\u00eddo por duas \u00e1reas base integradas e cont\u00edguas: 1) Interfaces \u00f3ticas polim\u00e9ricas (ecr\u00e3 t\u00e1ctil do digital cockpit) com revestimentos transparentes, antidatilogramas, resistentes ao risco, com boa perce\u00e7\u00e3o t\u00e1til e elevada durabilidade; e 2) Restante painel pl\u00e1stico opaco com eletr\u00f3nica integrada e acabamento com filme transl\u00facido, permitindo a personaliza\u00e7\u00e3o do interior e a intera\u00e7\u00e3o com os ocupantes, incluindo disponibiliza\u00e7\u00e3o de informa\u00e7\u00e3o e controlo t\u00e1ctil de funcionalidades do habit\u00e1culo do autom\u00f3vel.<\/p>\n<p>No que respeita ao processo de fabrico interessa incrementar de forma significativa o desempenho da inje\u00e7\u00e3o, tamb\u00e9m por via da investiga\u00e7\u00e3o ao n\u00edvel dos materiais, nomeadamente do revestimento para a cavidade moldante, de forma a incrementar a taxa de aquecimento e arrefecimento, com ganhos no tempo de ciclo e qualidade de acabamento das pe\u00e7as pl\u00e1sticas e possibilitando a incorpora\u00e7\u00e3o de eletr\u00f3nica e cablagem antes da inje\u00e7\u00e3o.<\/p>\n<p>Para o desenvolvimento do projeto foi reunida uma equipa multidisciplinar da DRT Rapid (moldes), DRT Plastic (inje\u00e7\u00e3o de materiais pl\u00e1sticos), UC e UTAD (ENESII) com todas as compet\u00eancias necess\u00e1rias para que em 30 meses seja poss\u00edvel atingir os ambiciosos objetivos definidos.[\/vc_column_text][\/vc_tta_section][\/vc_tta_accordion][\/vc_column][\/vc_row][vc_row][vc_column][\/vc_column][\/vc_row]<\/p>","protected":false},"excerpt":{"rendered":"<p>[vc_row][vc_column][vc_empty_space height=&#8221;120px&#8221;][\/vc_column][\/vc_row][vc_row][vc_column][vc_tta_accordion style=&#8221;flat&#8221; shape=&#8221;square&#8221; active_section=&#8221;&#8221; no_fill=&#8221;true&#8221; collapsible_all=&#8221;true&#8221;][vc_tta_section title=&#8221;024150 &#8211; INOVA\u00c7\u00c3O PRODUTIVA&#8221; tab_id=&#8221;1513781716352-41115249-481f&#8221;][vc_single_image image=&#8221;1311&#8243; img_size=&#8221;full&#8221;][vc_column_text el_class=&#8221;just-text&#8221;] Designa\u00e7\u00e3o do projeto |INOVA\u00c7\u00c3O PRODUTIVA\u00a0&#8211; Cria\u00e7\u00e3o de um novo estabelecimento para a produ\u00e7\u00e3o de equipamento de an\u00e1lise e valida\u00e7\u00e3o de canais de refrigera\u00e7\u00e3o e produtos pl\u00e1sticos diferenciados e capitaliza\u00e7\u00e3o de resultados de I&amp;D C\u00f3digo do projeto |\u00a0POCI-02-0853-FEDER-024150 Objetivo principal |\u00a0Refor\u00e7ar&#8230;<\/p>\n","protected":false},"author":1,"featured_media":0,"parent":0,"menu_order":0,"comment_status":"closed","ping_status":"closed","template":"","meta":{"_mi_skip_tracking":false,"footnotes":""},"class_list":["post-1295","page","type-page","status-publish","hentry"],"_links":{"self":[{"href":"https:\/\/drtplastic.com\/en\/wp-json\/wp\/v2\/pages\/1295","targetHints":{"allow":["GET"]}}],"collection":[{"href":"https:\/\/drtplastic.com\/en\/wp-json\/wp\/v2\/pages"}],"about":[{"href":"https:\/\/drtplastic.com\/en\/wp-json\/wp\/v2\/types\/page"}],"author":[{"embeddable":true,"href":"https:\/\/drtplastic.com\/en\/wp-json\/wp\/v2\/users\/1"}],"replies":[{"embeddable":true,"href":"https:\/\/drtplastic.com\/en\/wp-json\/wp\/v2\/comments?post=1295"}],"version-history":[{"count":85,"href":"https:\/\/drtplastic.com\/en\/wp-json\/wp\/v2\/pages\/1295\/revisions"}],"predecessor-version":[{"id":21211,"href":"https:\/\/drtplastic.com\/en\/wp-json\/wp\/v2\/pages\/1295\/revisions\/21211"}],"wp:attachment":[{"href":"https:\/\/drtplastic.com\/en\/wp-json\/wp\/v2\/media?parent=1295"}],"curies":[{"name":"wp","href":"https:\/\/api.w.org\/{rel}","templated":true}]}}